{"id":670,"date":"2022-05-27T08:59:17","date_gmt":"2022-05-27T08:59:17","guid":{"rendered":"https:\/\/grillandchillresort.hu\/?page_id=670"},"modified":"2025-05-09T10:46:00","modified_gmt":"2025-05-09T10:46:00","slug":"foglalas","status":"publish","type":"page","link":"https:\/\/grillandchillresort.hu\/en\/foglalas\/","title":{"rendered":"Book now"},"content":{"rendered":"\t\t<div data-elementor-type=\"wp-post\" data-elementor-id=\"670\" class=\"elementor elementor-670\">\n\t\t\t\t\t\t<section class=\"elementor-section elementor-top-section elementor-element elementor-element-187d578 elementor-section-height-min-height elementor-section-content-middle elementor-section-boxed elementor-section-height-default elementor-section-items-middle\" data-id=\"187d578\" data-element_type=\"section\" data-e-type=\"section\" data-settings=\"{&quot;background_background&quot;:&quot;classic&quot;,&quot;animation&quot;:&quot;none&quot;,&quot;shape_divider_bottom&quot;:&quot;waves&quot;}\">\n\t\t\t\t\t\t\t<div class=\"elementor-background-overlay\"><\/div>\n\t\t\t\t\t\t<div class=\"elementor-shape elementor-shape-bottom\" aria-hidden=\"true\" data-negative=\"false\">\n\t\t\t<svg xmlns=\"http:\/\/www.w3.org\/2000\/svg\" viewBox=\"0 0 1000 100\" preserveAspectRatio=\"none\">\n\t<path class=\"elementor-shape-fill\" d=\"M421.9,6.5c22.6-2.5,51.5,0.4,75.5,5.3c23.6,4.9,70.9,23.5,100.5,35.7c75.8,32.2,133.7,44.5,192.6,49.7\n\tc23.6,2.1,48.7,3.5,103.4-2.5c54.7-6,106.2-25.6,106.2-25.6V0H0v30.3c0,0,72,32.6,158.4,30.5c39.2-0.7,92.8-6.7,134-22.4\n\tc21.2-8.1,52.2-18.2,79.7-24.2C399.3,7.9,411.6,7.5,421.9,6.5z\"\/>\n<\/svg>\t\t<\/div>\n\t\t\t\t\t<div class=\"elementor-container elementor-column-gap-no\">\n\t\t\t\t\t<div class=\"elementor-column elementor-col-100 elementor-top-column elementor-element elementor-element-7c4a2b2\" data-id=\"7c4a2b2\" data-element_type=\"column\" data-e-type=\"column\">\n\t\t\t<div class=\"elementor-widget-wrap elementor-element-populated\">\n\t\t\t\t\t\t<div class=\"elementor-element elementor-element-dc578b7 elementor-widget elementor-widget-heading\" data-id=\"dc578b7\" data-element_type=\"widget\" data-e-type=\"widget\" data-widget_type=\"heading.default\">\n\t\t\t\t<div class=\"elementor-widget-container\">\n\t\t\t\t\t<h1 class=\"elementor-heading-title elementor-size-default\">Foglal\u00e1s<\/h1>\t\t\t\t<\/div>\n\t\t\t\t<\/div>\n\t\t\t\t\t<\/div>\n\t\t<\/div>\n\t\t\t\t\t<\/div>\n\t\t<\/section>\n\t\t\t\t<section class=\"elementor-section elementor-top-section elementor-element elementor-element-b5eb0db elementor-section-boxed elementor-section-height-default elementor-section-height-default\" data-id=\"b5eb0db\" data-element_type=\"section\" data-e-type=\"section\">\n\t\t\t\t\t\t<div class=\"elementor-container elementor-column-gap-default\">\n\t\t\t\t\t<div class=\"elementor-column elementor-col-100 elementor-top-column elementor-element elementor-element-673920d\" data-id=\"673920d\" data-element_type=\"column\" data-e-type=\"column\">\n\t\t\t<div class=\"elementor-widget-wrap elementor-element-populated\">\n\t\t\t\t\t\t<div class=\"elementor-element elementor-element-9c816af elementor-widget elementor-widget-spacer\" data-id=\"9c816af\" data-element_type=\"widget\" data-e-type=\"widget\" data-widget_type=\"spacer.default\">\n\t\t\t\t<div class=\"elementor-widget-container\">\n\t\t\t\t\t\t\t<div class=\"elementor-spacer\">\n\t\t\t<div class=\"elementor-spacer-inner\"><\/div>\n\t\t<\/div>\n\t\t\t\t\t\t<\/div>\n\t\t\t\t<\/div>\n\t\t\t\t<div class=\"elementor-element elementor-element-04ec7b3 elementor-view-default elementor-widget elementor-widget-icon\" data-id=\"04ec7b3\" data-element_type=\"widget\" data-e-type=\"widget\" data-widget_type=\"icon.default\">\n\t\t\t\t<div class=\"elementor-widget-container\">\n\t\t\t\t\t\t\t<div class=\"elementor-icon-wrapper\">\n\t\t\t<div class=\"elementor-icon\">\n\t\t\t<i aria-hidden=\"true\" class=\"th-trip travelpack th-trip travelpack-credit-cards\"><\/i>\t\t\t<\/div>\n\t\t<\/div>\n\t\t\t\t\t\t<\/div>\n\t\t\t\t<\/div>\n\t\t\t\t<div class=\"elementor-element elementor-element-274433e elementor-view-default elementor-position-top elementor-widget elementor-widget-themo-header\" data-id=\"274433e\" data-element_type=\"widget\" data-e-type=\"widget\" data-widget_type=\"themo-header.default\">\n\t\t\t\t<div class=\"elementor-widget-container\">\n\t\t\t\t\t\t\t<div class=\"th-header-wrap\">\n        <div class=\"elementor-icon-box-wrapper \">\n                            <div class=\"elementor-icon-box-content\">\n                    <h2 class=\"elementor-icon-box-title\">\n                        Foglal\u00e1s lead\u00e1sa                    <\/h2>\n                                            <span class=\"th-header-divider\"><\/span>\n                                        <p class=\"elementor-icon-box-description\"><\/p>\n\n                                    <\/div>\n            <\/div>\n\n        <\/div>\n\n\t\t\t\t\t\t<\/div>\n\t\t\t\t<\/div>\n\t\t\t\t\t<\/div>\n\t\t<\/div>\n\t\t\t\t\t<\/div>\n\t\t<\/section>\n\t\t\t\t<section class=\"elementor-section elementor-top-section elementor-element elementor-element-c62f755 elementor-section-boxed elementor-section-height-default elementor-section-height-default\" data-id=\"c62f755\" data-element_type=\"section\" data-e-type=\"section\">\n\t\t\t\t\t\t<div class=\"elementor-container elementor-column-gap-default\">\n\t\t\t\t\t<div class=\"elementor-column elementor-col-100 elementor-top-column elementor-element elementor-element-437f615\" data-id=\"437f615\" data-element_type=\"column\" data-e-type=\"column\">\n\t\t\t<div class=\"elementor-widget-wrap elementor-element-populated\">\n\t\t\t\t\t\t<div class=\"elementor-element elementor-element-1d6cf09 elementor-widget elementor-widget-heading\" data-id=\"1d6cf09\" data-element_type=\"widget\" data-e-type=\"widget\" data-widget_type=\"heading.default\">\n\t\t\t\t<div class=\"elementor-widget-container\">\n\t\t\t\t\t<h4 class=\"elementor-heading-title elementor-size-default\">D\u00e1tum v\u00e1laszt\u00e1s<\/h4>\t\t\t\t<\/div>\n\t\t\t\t<\/div>\n\t\t\t\t<div class=\"elementor-element elementor-element-96906e7 elementor-widget elementor-widget-themo-mphb-booking-form\" data-id=\"96906e7\" data-element_type=\"widget\" data-e-type=\"widget\" data-widget_type=\"themo-mphb-booking-form.default\">\n\t\t\t\t<div class=\"elementor-widget-container\">\n\t\t\t\t\t                <div class=\"th-fo-form  th-centered th-conversion  th-btn-form btn-standard-accent-form\"><div class=\"mphb_sc_booking_form-wrapper frm_forms with_frm_style is-direct-booking \">\t<form method=\"POST\" action=\"https:\/\/grillandchillresort.hu\/en\/foglalas-megerositese\/\" class=\"mphb-booking-form mphb-booking-form--direct-booking\" id=\"booking-form-2213\" data-first_available_check_in_date=\"2026-04-29\">\n\n\t\t<p class=\"mphb-required-fields-tip\"><small>Required fields are followed by <abbr title=\"required\">*<\/abbr><\/small><\/p>\n\t\t<input type=\"hidden\" id=\"mphb-checkout-nonce\" name=\"mphb-checkout-nonce\" value=\"a125b72500\" \/><input type=\"hidden\" name=\"_wp_http_referer\" value=\"\/en\/wp-json\/wp\/v2\/pages\/670\" \/>\t\t\t\t<input type=\"hidden\" name=\"mphb_room_type_id\" value=\"2213\" \/>\n\t\t<p class=\"mphb-check-in-date-wrapper frm_form_field\">\n\t\t\t<label for=\"mphb_check_in_date-69f1c7b94cffb\">\n\t\t\t\tCheck-in Date\t\t\t\t<abbr title=\"Formatted as yyyy-mm-dd\">*<\/abbr>\n\t\t\t<\/label>\n\t\t\t<br \/>\n\t\t\t<input id=\"mphb_check_in_date-69f1c7b94cffb\" type=\"text\" class=\"mphb-datepick\" value=\"\" required=\"required\" autocomplete=\"off\" placeholder=\"Check-in Date\" inputmode=\"none\" \/>\n\t\t\t<input id=\"mphb_check_in_date-69f1c7b94cffb-hidden\" type=\"hidden\" name=\"mphb_check_in_date\" value=\"\" \/>\n\t\t<\/p>\n\t\t<p class=\"mphb-check-out-date-wrapper frm_form_field\">\n\t\t\t<label for=\"mphb_check_out_date-69f1c7b94cffb\">\n\t\t\t\tCheck-out Date\t\t\t\t<abbr title=\"Formatted as yyyy-mm-dd\">*<\/abbr>\n\t\t\t<\/label>\n\t\t\t<br \/>\n\t\t\t<input id=\"mphb_check_out_date-69f1c7b94cffb\" type=\"text\" class=\"mphb-datepick\" value=\"\" required=\"required\" autocomplete=\"off\" placeholder=\"Check-out Date\" inputmode=\"none\" \/>\n\t\t\t<input id=\"mphb_check_out_date-69f1c7b94cffb-hidden\" type=\"hidden\" name=\"mphb_check_out_date\" value=\"\" \/>\n\t\t<\/p>\n\t\t\n\t\t\t\n\t\t\t\t<p class=\"mphb-adults-wrapper frm_form_field mphb-capacity-wrapper\">\n\t\t\t\t\t<label for=\"mphb_adults-69f1c7b94cffb\">\n\t\t\t\t\t\tGuests\t\t\t\t\t<\/label>\n\t\t\t\t\t<br \/>\n\t\t\t\t\t<select id=\"mphb_adults-69f1c7b94cffb\" name=\"mphb_adults\">\n\n\t\t\t\t\t\t\n\t\t\t\t\t\t\t<option value=\"1\" >1<\/option>\n\t\t\t\t\t\t\n\t\t\t\t\t\t\n\t\t\t\t\t\t\t<option value=\"2\" >2<\/option>\n\t\t\t\t\t\t\n\t\t\t\t\t\t\n\t\t\t\t\t\t\t<option value=\"3\" >3<\/option>\n\t\t\t\t\t\t\n\t\t\t\t\t\t\n\t\t\t\t\t\t\t<option value=\"4\" >4<\/option>\n\t\t\t\t\t\t\n\t\t\t\t\t\t\n\t\t\t\t\t\t\t<option value=\"5\" >5<\/option>\n\t\t\t\t\t\t\n\t\t\t\t\t\t\n\t\t\t\t\t\t\t<option value=\"6\" >6<\/option>\n\t\t\t\t\t\t\n\t\t\t\t\t\t\n\t\t\t\t\t\t\t<option value=\"7\" >7<\/option>\n\t\t\t\t\t\t\n\t\t\t\t\t\t\n\t\t\t\t\t\t\t<option value=\"8\" >8<\/option>\n\t\t\t\t\t\t\n\t\t\t\t\t\t\n\t\t\t\t\t\t\t<option value=\"9\" >9<\/option>\n\t\t\t\t\t\t\n\t\t\t\t\t\t\n\t\t\t\t\t\t\t<option value=\"10\" >10<\/option>\n\t\t\t\t\t\t\n\t\t\t\t\t\t\t\t\t\t\t<\/select>\n\t\t\t\t<\/p>\n\t\t\t\n\t\t\t\n\t\t\t\t<input type=\"hidden\" id=\"mphb_children-69f1c7b94cffb\" name=\"mphb_children\" value=\"0\" \/>\n\n\t\t\t\t\t\t\t\t\t\t<div class=\"mphb-reserve-room-section frm_submit mphb-hide\">\n\t\t\t\t<p class=\"mphb-rooms-quantity-wrapper mphb-rooms-quantity-multiple mphb-hide\">\n\t\t\t\tReserve <select class=\"mphb-rooms-quantity\" id=\"mphb-rooms-quantity-2213\" name=\"mphb_rooms_details[2213]\"><option value=\"1\" selected=\"selected\">1<\/option><\/select> of <span class=\"mphb-available-rooms-count\">1<\/span> available accommodations.\t\t\t\t<\/p>\n\t\t\t\t<p class=\"mphb-rooms-quantity-wrapper mphb-rooms-quantity-single mphb-hide\">\n\t\t\t\t\tGrill and Chill Resort Balaton is available for selected dates.\t\t\t\t<\/p>\n\t\t\t\t\t\t\t\t\t<p class=\"mphb-period-price mphb-regular-price mphb-hide\">\n\t\t\t\t\t\t<strong>Prices start at:<\/strong>\n\t\t\t\t\t<\/p>\n\t\t\t\t\t\t\t\t<input type=\"hidden\" name=\"mphb_is_direct_booking\" value=\"1\" \/>\n\t\t\t\t<input class=\"button mphb-button mphb-confirm-reservation\" type=\"submit\" value=\"Confirm Reservation\" \/>\n\t\t\t<\/div>\n\t\t\n\t\t<div class=\"mphb-errors-wrapper mphb-hide\"><\/div>\n\t\t<p class=\"mphb-reserve-btn-wrapper frm_submit\">\n\t\t\t<input class=\"mphb-reserve-btn button\" type=\"submit\" value=\"Check Availability\" \/>\n\t\t<\/p>\n\t<\/form>\n\t<\/div><\/div>\n                \t\t\t\t<\/div>\n\t\t\t\t<\/div>\n\t\t\t\t<div class=\"elementor-element elementor-element-ab8008f elementor-widget elementor-widget-text-editor\" data-id=\"ab8008f\" data-element_type=\"widget\" data-e-type=\"widget\" data-widget_type=\"text-editor.default\">\n\t\t\t\t<div class=\"elementor-widget-container\">\n\t\t\t\t\t\t\t\t\t<p>K\u00e9rj\u00fck, vedd figyelembe, hogy a sz\u00e1ll\u00e1shely\u00fcnk legal\u00e1bb 3 \u00e9jszak\u00e1ra foglalhat\u00f3. A kiemelt id\u0151szakokban hosszabb minim\u00e1lis foglal\u00e1si id\u0151 van \u00e9rv\u00e9nyben:<\/p><ul><li>j\u00falius 1. &#8211; augusztus 31.: minimum 5 \u00e9jszak\u00e1ra foglalhat\u00f3<\/li><li>december 24-31.: minimum 4 \u00e9jszak\u00e1ra foglalhat\u00f3<\/li><\/ul>\t\t\t\t\t\t\t\t<\/div>\n\t\t\t\t<\/div>\n\t\t\t\t\t<\/div>\n\t\t<\/div>\n\t\t\t\t\t<\/div>\n\t\t<\/section>\n\t\t\t\t<section class=\"elementor-section elementor-top-section elementor-element elementor-element-2e79e82 elementor-section-boxed elementor-section-height-default elementor-section-height-default\" data-id=\"2e79e82\" data-element_type=\"section\" data-e-type=\"section\">\n\t\t\t\t\t\t<div class=\"elementor-container elementor-column-gap-default\">\n\t\t\t\t\t<div class=\"elementor-column elementor-col-100 elementor-top-column elementor-element elementor-element-a7fe693\" data-id=\"a7fe693\" data-element_type=\"column\" data-e-type=\"column\">\n\t\t\t<div class=\"elementor-widget-wrap elementor-element-populated\">\n\t\t\t\t\t\t<div class=\"elementor-element elementor-element-45bbd8d elementor-widget elementor-widget-spacer\" data-id=\"45bbd8d\" data-element_type=\"widget\" data-e-type=\"widget\" data-widget_type=\"spacer.default\">\n\t\t\t\t<div class=\"elementor-widget-container\">\n\t\t\t\t\t\t\t<div class=\"elementor-spacer\">\n\t\t\t<div class=\"elementor-spacer-inner\"><\/div>\n\t\t<\/div>\n\t\t\t\t\t\t<\/div>\n\t\t\t\t<\/div>\n\t\t\t\t<div class=\"elementor-element elementor-element-0c3a1b2 elementor-widget elementor-widget-themo-mphb-availability-calendar\" data-id=\"0c3a1b2\" data-element_type=\"widget\" data-e-type=\"widget\" data-widget_type=\"themo-mphb-availability-calendar.default\">\n\t\t\t\t<div class=\"elementor-widget-container\">\n\t\t\t\t\t            <div class=\"elementor-shortcode themo_mphb_availability_calendar\">\n                                    <div class=\"th-cal-tooltip\"><h3 class=\"th-tooltip-title\">Foglalts\u00e1gi napt\u00e1r<\/h3><\/div>\n                                <div class=\"mphb_sc_availability_calendar-wrapper\">\t<div class=\"mphb-calendar mphb-datepick inlinePicker mphb-calendar--direct-booking\" data-room-type-id=\"2213\" data-monthstoshow=\"2\" data-is_show_prices=\"0\" data-is_truncate_prices=\"1\" data-is_show_prices_currency=\"0\" data-first_available_check_in_date=\"2026-04-29\"><\/div>\n\t<\/div>            <\/div>\n            \t\t\t\t<\/div>\n\t\t\t\t<\/div>\n\t\t\t\t\t<\/div>\n\t\t<\/div>\n\t\t\t\t\t<\/div>\n\t\t<\/section>\n\t\t\t\t<section class=\"elementor-section elementor-top-section elementor-element elementor-element-282c53d elementor-section-boxed elementor-section-height-default elementor-section-height-default\" data-id=\"282c53d\" data-element_type=\"section\" data-e-type=\"section\" data-settings=\"{&quot;background_background&quot;:&quot;classic&quot;}\">\n\t\t\t\t\t\t<div class=\"elementor-container elementor-column-gap-default\">\n\t\t\t\t\t<div class=\"elementor-column elementor-col-100 elementor-top-column elementor-element elementor-element-f49e139\" data-id=\"f49e139\" data-element_type=\"column\" data-e-type=\"column\">\n\t\t\t<div class=\"elementor-widget-wrap elementor-element-populated\">\n\t\t\t\t\t\t<div class=\"elementor-element elementor-element-cf1a3fc elementor-widget elementor-widget-spacer\" data-id=\"cf1a3fc\" data-element_type=\"widget\" data-e-type=\"widget\" data-widget_type=\"spacer.default\">\n\t\t\t\t<div class=\"elementor-widget-container\">\n\t\t\t\t\t\t\t<div class=\"elementor-spacer\">\n\t\t\t<div class=\"elementor-spacer-inner\"><\/div>\n\t\t<\/div>\n\t\t\t\t\t\t<\/div>\n\t\t\t\t<\/div>\n\t\t\t\t\t<\/div>\n\t\t<\/div>\n\t\t\t\t\t<\/div>\n\t\t<\/section>\n\t\t\t\t<section class=\"elementor-section elementor-top-section elementor-element elementor-element-28f713a elementor-section-boxed elementor-section-height-default elementor-section-height-default\" data-id=\"28f713a\" data-element_type=\"section\" data-e-type=\"section\">\n\t\t\t\t\t\t<div class=\"elementor-container elementor-column-gap-default\">\n\t\t\t\t\t<div class=\"elementor-column elementor-col-100 elementor-top-column elementor-element elementor-element-af8950b\" data-id=\"af8950b\" data-element_type=\"column\" data-e-type=\"column\">\n\t\t\t<div class=\"elementor-widget-wrap elementor-element-populated\">\n\t\t\t\t\t\t<div class=\"elementor-element elementor-element-46a1f95 elementor-view-default elementor-widget elementor-widget-icon\" data-id=\"46a1f95\" data-element_type=\"widget\" data-e-type=\"widget\" data-widget_type=\"icon.default\">\n\t\t\t\t<div class=\"elementor-widget-container\">\n\t\t\t\t\t\t\t<div class=\"elementor-icon-wrapper\">\n\t\t\t<div class=\"elementor-icon\">\n\t\t\t<i aria-hidden=\"true\" class=\"fas fa-ellipsis-h\"><\/i>\t\t\t<\/div>\n\t\t<\/div>\n\t\t\t\t\t\t<\/div>\n\t\t\t\t<\/div>\n\t\t\t\t<div class=\"elementor-element elementor-element-31911b6 elementor-view-default elementor-position-top elementor-widget elementor-widget-themo-header\" data-id=\"31911b6\" data-element_type=\"widget\" data-e-type=\"widget\" data-widget_type=\"themo-header.default\">\n\t\t\t\t<div class=\"elementor-widget-container\">\n\t\t\t\t\t\t\t<div class=\"th-header-wrap\">\n        <div class=\"elementor-icon-box-wrapper \">\n                            <div class=\"elementor-icon-box-content\">\n                    <h2 class=\"elementor-icon-box-title\">\n                        A foglal\u00e1s menete                    <\/h2>\n                                            <span class=\"th-header-divider\"><\/span>\n                                        <p class=\"elementor-icon-box-description\"><\/p>\n\n                                    <\/div>\n            <\/div>\n\n        <\/div>\n\n\t\t\t\t\t\t<\/div>\n\t\t\t\t<\/div>\n\t\t\t\t\t<\/div>\n\t\t<\/div>\n\t\t\t\t\t<\/div>\n\t\t<\/section>\n\t\t\t\t<section class=\"elementor-section elementor-top-section elementor-element elementor-element-5439600 elementor-section-boxed elementor-section-height-default elementor-section-height-default\" data-id=\"5439600\" data-element_type=\"section\" data-e-type=\"section\">\n\t\t\t\t\t\t<div class=\"elementor-container elementor-column-gap-default\">\n\t\t\t\t\t<div class=\"elementor-column elementor-col-100 elementor-top-column elementor-element elementor-element-0f576e1\" data-id=\"0f576e1\" data-element_type=\"column\" data-e-type=\"column\">\n\t\t\t<div class=\"elementor-widget-wrap elementor-element-populated\">\n\t\t\t\t\t\t<div class=\"elementor-element elementor-element-c929900 elementor-widget elementor-widget-text-editor\" data-id=\"c929900\" data-element_type=\"widget\" data-e-type=\"widget\" data-widget_type=\"text-editor.default\">\n\t\t\t\t<div class=\"elementor-widget-container\">\n\t\t\t\t\t\t\t\t\t<ol><li>A D\u00e1tum v\u00e1laszt\u00e1s r\u00e9szn\u00e9l v\u00e1laszd ki az \u00e9rkez\u00e9s \u00e9s a t\u00e1voz\u00e1s tervezett id\u0151pontj\u00e1t, valamint add meg a vend\u00e9gek sz\u00e1m\u00e1t \u00e9s kattints a <em>Szabad szob\u00e1k ellen\u0151rz\u00e9se<\/em> gombra!<\/li><li>Ha a v\u00e1lasztott id\u0151pontban a sz\u00e1ll\u00e1shely szabad \u00e9s szeretn\u00e9d leadni a foglal\u00e1sod, kattints a <em>Foglal\u00e1s meger\u0151s\u00edt\u00e9se<\/em> gombra!<\/li><li>Add meg a k\u00e9rt adatokat, fogadd el az \u00c1SZF-et, majd a <em>Foglal\u00e1s most<\/em> gomb megnyom\u00e1s\u00e1val k\u00fcldd el a foglal\u00e1si ig\u00e9nyed.<\/li><li>A foglal\u00e1si k\u00e9relmed j\u00f3v\u00e1hagy\u00e1s\u00e1r\u00f3l e-mailben \u00e9rtes\u00edt\u00fcnk a megadott e-mail c\u00edmen. K\u00e9rj\u00fck, hogy ebben a visszaigazol\u00f3 e-mailben tal\u00e1lhat\u00f3 <em>Sz\u00e1ll\u00e1sd\u00edj befizet\u00e9se<\/em> linkre kattintva 3 napon bel\u00fcl fizesd be a teljes foglal\u00e1si d\u00edjat k\u00e1rty\u00e1s fizet\u00e9ssel vagy banki utal\u00e1ssal.<\/li><li>A foglal\u00e1si d\u00edj sikeres be\u00e9rkez\u00e9s\u00e9r\u0151l e-mailben \u00e9rtes\u00edt\u00fcnk, a foglal\u00e1sod ezzel v\u00e1lik v\u00e9glegess\u00e9.<\/li><\/ol>\t\t\t\t\t\t\t\t<\/div>\n\t\t\t\t<\/div>\n\t\t\t\t\t<\/div>\n\t\t<\/div>\n\t\t\t\t\t<\/div>\n\t\t<\/section>\n\t\t\t\t<section class=\"elementor-section elementor-top-section elementor-element elementor-element-532a4acf elementor-section-boxed elementor-section-height-default elementor-section-height-default\" data-id=\"532a4acf\" data-element_type=\"section\" data-e-type=\"section\" data-settings=\"{&quot;background_background&quot;:&quot;classic&quot;}\">\n\t\t\t\t\t\t<div class=\"elementor-container elementor-column-gap-default\">\n\t\t\t\t\t<div class=\"elementor-column elementor-col-100 elementor-top-column elementor-element elementor-element-7b3da045\" data-id=\"7b3da045\" data-element_type=\"column\" data-e-type=\"column\">\n\t\t\t<div class=\"elementor-widget-wrap elementor-element-populated\">\n\t\t\t\t\t\t<div class=\"elementor-element elementor-element-1a62baf elementor-view-default elementor-widget elementor-widget-icon\" data-id=\"1a62baf\" data-element_type=\"widget\" data-e-type=\"widget\" data-widget_type=\"icon.default\">\n\t\t\t\t<div class=\"elementor-widget-container\">\n\t\t\t\t\t\t\t<div class=\"elementor-icon-wrapper\">\n\t\t\t<div class=\"elementor-icon\">\n\t\t\t<i aria-hidden=\"true\" class=\"th-linea icon th-linea icon-basic-mail\"><\/i>\t\t\t<\/div>\n\t\t<\/div>\n\t\t\t\t\t\t<\/div>\n\t\t\t\t<\/div>\n\t\t\t\t<div class=\"elementor-element elementor-element-2d005092 elementor-view-default elementor-position-top elementor-widget elementor-widget-themo-header\" data-id=\"2d005092\" data-element_type=\"widget\" data-e-type=\"widget\" data-widget_type=\"themo-header.default\">\n\t\t\t\t<div class=\"elementor-widget-container\">\n\t\t\t\t\t\t\t<div class=\"th-header-wrap\">\n        <div class=\"elementor-icon-box-wrapper \">\n                            <div class=\"elementor-icon-box-content\">\n                    <h2 class=\"elementor-icon-box-title\">\n                        K\u00e9rd\u00e9sed van?                    <\/h2>\n                                            <span class=\"th-header-divider\"><\/span>\n                                        <p class=\"elementor-icon-box-description\">K\u00fcldj \u00fczenetet vagy keress fel minket a tov\u00e1bbi el\u00e9rhet\u0151s\u00e9geink b\u00e1rmelyik\u00e9n!<\/p>\n\n                                    <\/div>\n            <\/div>\n\n        <\/div>\n\n\t\t\t\t\t\t<\/div>\n\t\t\t\t<\/div>\n\t\t\t\t<div class=\"elementor-element elementor-element-313ced6e elementor-widget elementor-widget-themo-formidable-form\" data-id=\"313ced6e\" data-element_type=\"widget\" data-e-type=\"widget\" data-widget_type=\"themo-formidable-form.default\">\n\t\t\t\t<div class=\"elementor-widget-container\">\n\t\t\t\t\t            <div class=\"th-fo-form  th-centered th-conversion  th-btn-form btn-standard-accent-form\"><div class=\"frm_forms  with_frm_style frm_style_formidable-style\" id=\"frm_form_5_container\" >\n<form enctype=\"multipart\/form-data\" method=\"post\" class=\"frm-show-form \" id=\"form_2ssykv\" >\n<div class=\"frm_form_fields \">\n<fieldset>\n\r\n<div class=\"frm_fields_container\">\n<input type=\"hidden\" name=\"frm_action\" value=\"create\" \/>\n<input type=\"hidden\" name=\"form_id\" value=\"5\" \/>\n<input type=\"hidden\" name=\"frm_hide_fields_5\" id=\"frm_hide_fields_5\" value=\"\" \/>\n<input type=\"hidden\" name=\"form_key\" value=\"2ssykv\" \/>\n<input type=\"hidden\" name=\"item_meta[0]\" value=\"\" \/>\n<input type=\"hidden\" id=\"frm_submit_entry_5\" name=\"frm_submit_entry_5\" value=\"860cd9a299\" \/><input type=\"hidden\" name=\"_wp_http_referer\" value=\"\/en\/wp-json\/wp\/v2\/pages\/670\" \/><div id=\"frm_field_14_container\" class=\"frm_form_field form-field  frm_none_container\">\r\n    <label for=\"field_qy05f8\" class=\"frm_primary_label\">N\u00e9v\r\n        <span class=\"frm_required\"><\/span>\r\n    <\/label>\r\n    <input type=\"text\" id=\"field_qy05f8\" name=\"item_meta[14]\" value=\"\"  placeholder=\"N\u00e9v\" data-invmsg=\"Name is invalid\" aria-invalid=\"false\"  \/>\r\n    \r\n    \r\n<\/div>\n<div id=\"frm_field_15_container\" class=\"frm_form_field form-field  frm_required_field frm_none_container\">\r\n    <label for=\"field_3asv29\" class=\"frm_primary_label\">E-mail c\u00edm\r\n        <span class=\"frm_required\">*<\/span>\r\n    <\/label>\r\n    <input type=\"text\" id=\"field_3asv29\" name=\"item_meta[15]\" value=\"\"  placeholder=\"E-mail c\u00edm\" data-reqmsg=\"Ez a mez\u0151 nem maradhat \u00fcresen.\" aria-required=\"true\" data-invmsg=\"Email Address is invalid\" aria-invalid=\"false\"  \/>\r\n    \r\n    \r\n<\/div>\n<div id=\"frm_field_16_container\" class=\"frm_form_field form-field  frm_required_field frm_none_container\">\r\n    <label for=\"field_2ywico\" class=\"frm_primary_label\">K\u00e9rd\u00e9s \/ megjegyz\u00e9s\r\n        <span class=\"frm_required\">*<\/span>\r\n    <\/label>\r\n    <input type=\"text\" id=\"field_2ywico\" name=\"item_meta[16]\" value=\"\"  placeholder=\"K\u00e9rd\u00e9s \/ megjegyz\u00e9s\" data-reqmsg=\"Ez a mez\u0151 nem maradhat \u00fcresen.\" aria-required=\"true\" data-invmsg=\"Question \/ Comment is invalid\" aria-invalid=\"false\"  \/>\r\n    \r\n    \r\n<\/div>\n<div id=\"frm_field_50_container\" class=\"frm_form_field form-field \">\r\n\t<div class=\"frm_submit\">\r\n\r\n<input type=\"submit\" value=\"K\u00fcld\u00e9s\"  \/>\r\n<img decoding=\"async\" class=\"frm_ajax_loading\" src=\"https:\/\/grillandchillresort.hu\/wp-content\/plugins\/formidable\/images\/ajax_loader.gif\" alt=\"Sending\" style=\"visibility:hidden;\" \/>\r\n\r\n<\/div>\r\n<\/div>\n\t<input type=\"hidden\" name=\"item_key\" value=\"\" \/>\n\t\t\t<div id=\"frm_field_51_container\">\n\t\t\t<label for=\"field_463mb\" >\n\t\t\t\tIf you are human, leave this field blank.\t\t\t<\/label>\n\t\t\t<input  id=\"field_463mb\" type=\"text\" class=\"frm_form_field form-field frm_verify\" name=\"item_meta[51]\" value=\"\"  \/>\n\t\t<\/div>\n\t\t<input name=\"frm_state\" type=\"hidden\" value=\"vvHgnh4kqU8JMn0FregU8VAU8eB+oJHCaNZSmi44Y4U=\" \/><\/div>\n<\/fieldset>\n<\/div>\n\n<\/form>\n<\/div>\n<\/div>\n            \t\t\t\t<\/div>\n\t\t\t\t<\/div>\n\t\t\t\t<div class=\"elementor-element elementor-element-62494bb7 elementor-widget elementor-widget-spacer\" data-id=\"62494bb7\" data-element_type=\"widget\" data-e-type=\"widget\" data-widget_type=\"spacer.default\">\n\t\t\t\t<div class=\"elementor-widget-container\">\n\t\t\t\t\t\t\t<div class=\"elementor-spacer\">\n\t\t\t<div class=\"elementor-spacer-inner\"><\/div>\n\t\t<\/div>\n\t\t\t\t\t\t<\/div>\n\t\t\t\t<\/div>\n\t\t\t\t\t<\/div>\n\t\t<\/div>\n\t\t\t\t\t<\/div>\n\t\t<\/section>\n\t\t\t\t<\/div>\n\t\t","protected":false},"excerpt":{"rendered":"<p>Foglal\u00e1s Foglal\u00e1s lead\u00e1sa D\u00e1tum v\u00e1laszt\u00e1s K\u00e9rj\u00fck, vedd figyelembe, hogy a sz\u00e1ll\u00e1shely\u00fcnk legal\u00e1bb 3 \u00e9jszak\u00e1ra foglalhat\u00f3. A kiemelt id\u0151szakokban hosszabb minim\u00e1lis foglal\u00e1si id\u0151 van \u00e9rv\u00e9nyben: j\u00falius 1. &#8211; augusztus 31.: minimum 5 \u00e9jszak\u00e1ra foglalhat\u00f3 december 24-31.: minimum 4 \u00e9jszak\u00e1ra foglalhat\u00f3 A &hellip; <a href=\"https:\/\/grillandchillresort.hu\/en\/foglalas\/\">Read More<\/a><\/p>","protected":false},"author":1,"featured_media":0,"parent":0,"menu_order":12,"comment_status":"closed","ping_status":"closed","template":"","meta":{"footnotes":""},"class_list":["post-670","page","type-page","status-publish","hentry"],"_links":{"self":[{"href":"https:\/\/grillandchillresort.hu\/en\/wp-json\/wp\/v2\/pages\/670","targetHints":{"allow":["GET"]}}],"collection":[{"href":"https:\/\/grillandchillresort.hu\/en\/wp-json\/wp\/v2\/pages"}],"about":[{"href":"https:\/\/grillandchillresort.hu\/en\/wp-json\/wp\/v2\/types\/page"}],"author":[{"embeddable":true,"href":"https:\/\/grillandchillresort.hu\/en\/wp-json\/wp\/v2\/users\/1"}],"replies":[{"embeddable":true,"href":"https:\/\/grillandchillresort.hu\/en\/wp-json\/wp\/v2\/comments?post=670"}],"version-history":[{"count":136,"href":"https:\/\/grillandchillresort.hu\/en\/wp-json\/wp\/v2\/pages\/670\/revisions"}],"predecessor-version":[{"id":4662,"href":"https:\/\/grillandchillresort.hu\/en\/wp-json\/wp\/v2\/pages\/670\/revisions\/4662"}],"wp:attachment":[{"href":"https:\/\/grillandchillresort.hu\/en\/wp-json\/wp\/v2\/media?parent=670"}],"curies":[{"name":"wp","href":"https:\/\/api.w.org\/{rel}","templated":true}]}}